{"id":1052,"date":"2023-03-27T16:58:58","date_gmt":"2023-03-27T15:58:58","guid":{"rendered":"https:\/\/vrpartners.pt\/sample-page\/"},"modified":"2026-03-27T15:27:20","modified_gmt":"2026-03-27T15:27:20","slug":"sample-page","status":"publish","type":"page","link":"https:\/\/vrpartners.pt\/fr\/","title":{"rendered":"Homepage"},"content":{"rendered":"","protected":false},"excerpt":{"rendered":"","protected":false},"author":1,"featured_media":956,"parent":0,"menu_order":0,"comment_status":"closed","ping_status":"closed","template":"","meta":{"_acf_changed":false,"_seopress_robots_primary_cat":"","_seopress_titles_title":"V|R Partners Immobilier de Luxe et Investissement Portugal","_seopress_titles_desc":"Trouvez des propri\u00e9t\u00e9s d'exception au Portugal. Sp\u00e9cialistes en immobilier de luxe, investissement et accompagnement sur mesure avec VR Partners.","_seopress_robots_index":"","_seopress_analysis_target_kw":"","footnotes":""},"class_list":["post-1052","page","type-page","status-publish","has-post-thumbnail","hentry"],"acf":[],"_links":{"self":[{"href":"https:\/\/vrpartners.pt\/fr\/wp-json\/wp\/v2\/pages\/1052","targetHints":{"allow":["GET"]}}],"collection":[{"href":"https:\/\/vrpartners.pt\/fr\/wp-json\/wp\/v2\/pages"}],"about":[{"href":"https:\/\/vrpartners.pt\/fr\/wp-json\/wp\/v2\/types\/page"}],"author":[{"embeddable":true,"href":"https:\/\/vrpartners.pt\/fr\/wp-json\/wp\/v2\/users\/1"}],"replies":[{"embeddable":true,"href":"https:\/\/vrpartners.pt\/fr\/wp-json\/wp\/v2\/comments?post=1052"}],"version-history":[{"count":5,"href":"https:\/\/vrpartners.pt\/fr\/wp-json\/wp\/v2\/pages\/1052\/revisions"}],"predecessor-version":[{"id":26047,"href":"https:\/\/vrpartners.pt\/fr\/wp-json\/wp\/v2\/pages\/1052\/revisions\/26047"}],"wp:featuredmedia":[{"embeddable":true,"href":"https:\/\/vrpartners.pt\/fr\/wp-json\/wp\/v2\/media\/956"}],"wp:attachment":[{"href":"https:\/\/vrpartners.pt\/fr\/wp-json\/wp\/v2\/media?parent=1052"}],"curies":[{"name":"wp","href":"https:\/\/api.w.org\/{rel}","templated":true}]}}