{"id":1062,"date":"2025-04-28T12:13:11","date_gmt":"2025-04-28T11:13:11","guid":{"rendered":"https:\/\/vrpartners.pt\/contacts\/"},"modified":"2026-03-27T15:29:53","modified_gmt":"2026-03-27T15:29:53","slug":"contacts","status":"publish","type":"page","link":"https:\/\/vrpartners.pt\/fr\/contacts\/","title":{"rendered":"Contacts"},"content":{"rendered":"","protected":false},"excerpt":{"rendered":"","protected":false},"author":1,"featured_media":932,"parent":0,"menu_order":0,"comment_status":"closed","ping_status":"closed","template":"","meta":{"_acf_changed":false,"_seopress_robots_primary_cat":"","_seopress_titles_title":"Contactez-nous: V|R Partners Immobilier Portugal","_seopress_titles_desc":"Contactez V|R Partners pour vos projets immobiliers au Portugal. Notre \u00e9quipe est \u00e0 votre \u00e9coute para l'achat, la vente ou l'investissement de prestige.","_seopress_robots_index":"","_seopress_analysis_target_kw":"","footnotes":""},"class_list":["post-1062","page","type-page","status-publish","has-post-thumbnail","hentry"],"acf":[],"_links":{"self":[{"href":"https:\/\/vrpartners.pt\/fr\/wp-json\/wp\/v2\/pages\/1062","targetHints":{"allow":["GET"]}}],"collection":[{"href":"https:\/\/vrpartners.pt\/fr\/wp-json\/wp\/v2\/pages"}],"about":[{"href":"https:\/\/vrpartners.pt\/fr\/wp-json\/wp\/v2\/types\/page"}],"author":[{"embeddable":true,"href":"https:\/\/vrpartners.pt\/fr\/wp-json\/wp\/v2\/users\/1"}],"replies":[{"embeddable":true,"href":"https:\/\/vrpartners.pt\/fr\/wp-json\/wp\/v2\/comments?post=1062"}],"version-history":[{"count":7,"href":"https:\/\/vrpartners.pt\/fr\/wp-json\/wp\/v2\/pages\/1062\/revisions"}],"predecessor-version":[{"id":26048,"href":"https:\/\/vrpartners.pt\/fr\/wp-json\/wp\/v2\/pages\/1062\/revisions\/26048"}],"wp:featuredmedia":[{"embeddable":true,"href":"https:\/\/vrpartners.pt\/fr\/wp-json\/wp\/v2\/media\/932"}],"wp:attachment":[{"href":"https:\/\/vrpartners.pt\/fr\/wp-json\/wp\/v2\/media?parent=1062"}],"curies":[{"name":"wp","href":"https:\/\/api.w.org\/{rel}","templated":true}]}}