{"id":1066,"date":"2025-04-28T12:12:23","date_gmt":"2025-04-28T11:12:23","guid":{"rendered":"https:\/\/vrpartners.pt\/a-propos\/"},"modified":"2026-03-19T18:30:21","modified_gmt":"2026-03-19T18:30:21","slug":"a-propos","status":"publish","type":"page","link":"https:\/\/vrpartners.pt\/fr\/a-propos\/","title":{"rendered":"\u00c0 propos"},"content":{"rendered":"","protected":false},"excerpt":{"rendered":"","protected":false},"author":1,"featured_media":920,"parent":0,"menu_order":0,"comment_status":"closed","ping_status":"closed","template":"","meta":{"_acf_changed":false,"_seopress_robots_primary_cat":"","_seopress_titles_title":"\u00c0 propos de V|R Partners: Agence Immobili\u00e8re au Portugal","_seopress_titles_desc":"D\u00e9couvrez l'histoire de V|R Partners et notre \u00e9quipe d'experts d\u00e9di\u00e9s \u00e0 vous accompagner dans vos projets d'investissement immobilier au Portugal.","_seopress_robots_index":"","_seopress_analysis_target_kw":"","footnotes":""},"class_list":["post-1066","page","type-page","status-publish","has-post-thumbnail","hentry"],"acf":[],"_links":{"self":[{"href":"https:\/\/vrpartners.pt\/fr\/wp-json\/wp\/v2\/pages\/1066","targetHints":{"allow":["GET"]}}],"collection":[{"href":"https:\/\/vrpartners.pt\/fr\/wp-json\/wp\/v2\/pages"}],"about":[{"href":"https:\/\/vrpartners.pt\/fr\/wp-json\/wp\/v2\/types\/page"}],"author":[{"embeddable":true,"href":"https:\/\/vrpartners.pt\/fr\/wp-json\/wp\/v2\/users\/1"}],"replies":[{"embeddable":true,"href":"https:\/\/vrpartners.pt\/fr\/wp-json\/wp\/v2\/comments?post=1066"}],"version-history":[{"count":7,"href":"https:\/\/vrpartners.pt\/fr\/wp-json\/wp\/v2\/pages\/1066\/revisions"}],"predecessor-version":[{"id":25257,"href":"https:\/\/vrpartners.pt\/fr\/wp-json\/wp\/v2\/pages\/1066\/revisions\/25257"}],"wp:featuredmedia":[{"embeddable":true,"href":"https:\/\/vrpartners.pt\/fr\/wp-json\/wp\/v2\/media\/920"}],"wp:attachment":[{"href":"https:\/\/vrpartners.pt\/fr\/wp-json\/wp\/v2\/media?parent=1066"}],"curies":[{"name":"wp","href":"https:\/\/api.w.org\/{rel}","templated":true}]}}