{"id":1102,"date":"2023-03-27T16:58:58","date_gmt":"2023-03-27T15:58:58","guid":{"rendered":"https:\/\/vrpartners.pt\/?page_id=1102"},"modified":"2025-05-26T19:25:45","modified_gmt":"2025-05-26T18:25:45","slug":"politique-de-confidentialite","status":"publish","type":"page","link":"https:\/\/vrpartners.pt\/fr\/politique-de-confidentialite\/","title":{"rendered":"Politique de Confidentialit\u00e9"},"content":{"rendered":"\n<p><strong>V|R Partners<\/strong>, dont le si\u00e8ge social est situ\u00e9 Rua Virg\u00edlio Correia, 4 \u2013 7\u1d49 gauche, 1600-223 Lisbonne (NIPC 513234420), est propri\u00e9taire du domaine <a href=\"https:\/\/www.vrpartners.pt\">www.vrpartners.pt<\/a>, o\u00f9 ce Site est h\u00e9berg\u00e9.<\/p>\n\n\n\n<p>V|R Partners s\u2019engage \u00e0 prot\u00e9ger la vie priv\u00e9e et les donn\u00e9es personnelles de ses clients et utilisateurs du Site. Cette Politique de Confidentialit\u00e9 explique comment nous collectons et traitons vos donn\u00e9es personnelles. Veuillez la lire attentivement pour comprendre dans quelles conditions vos donn\u00e9es sont collect\u00e9es et utilis\u00e9es.<\/p>\n\n\n\n<p>Cette politique est conforme \u00e0 la l\u00e9gislation portugaise (Loi n\u00b0 58\/2019 du 8 ao\u00fbt) et au R\u00e8glement G\u00e9n\u00e9ral sur la Protection des Donn\u00e9es (R\u00e8glement (UE) 2016\/679 \u2013 RGPD). Nous recommandons de la consulter r\u00e9guli\u00e8rement sur <a href=\"https:\/\/www.cnpd.pt\">www.cnpd.pt<\/a>. Les tribunaux portugais sont comp\u00e9tents pour tout litige.<\/p>\n\n\n\n<h2 class=\"wp-block-heading\">1. Champ d\u2019application<\/h2>\n\n\n\n<ol class=\"wp-block-list\">\n<li>Cette Politique de Confidentialit\u00e9 d\u00e9crit la collecte et le traitement des donn\u00e9es personnelles n\u00e9cessaires \u00e0 la fourniture de services via le Site.<\/li>\n\n\n\n<li>Exemples de services : inscription \u00e0 la newsletter.<\/li>\n\n\n\n<li>Objectif : fournir ces services de mani\u00e8re efficace et sans encombre, en d\u00e9taillant nos pratiques.<\/li>\n<\/ol>\n\n\n\n<h2 class=\"wp-block-heading\">2. Donn\u00e9es Personnelles<\/h2>\n\n\n\n<ol class=\"wp-block-list\">\n<li>Les donn\u00e9es personnelles sont toute information se rapportant \u00e0 une personne physique identifi\u00e9e ou identifiable, y compris la voix et l\u2019image.<\/li>\n\n\n\n<li>Exemples de donn\u00e9es collect\u00e9es : pr\u00e9nom, nom, adresse e-mail et num\u00e9ro de t\u00e9l\u00e9phone.<\/li>\n\n\n\n<li>Une personne identifiable est une personne qui peut \u00eatre identifi\u00e9e directement ou indirectement, notamment par r\u00e9f\u00e9rence \u00e0 un identifiant unique.<\/li>\n<\/ol>\n\n\n\n<h2 class=\"wp-block-heading\">3. Utilisation des Donn\u00e9es Personnelles<\/h2>\n\n\n\n<ul class=\"wp-block-list\">\n<li>Pour analyser et r\u00e9pondre aux messages, demandes de support et requ\u00eates d\u2019information.<\/li>\n\n\n\n<li>Pour envoyer des bulletins d\u2019information (newsletters) ou autres publications demand\u00e9es ou susceptibles de vous int\u00e9resser.<\/li>\n\n\n\n<li>Pour faire fonctionner et g\u00e9rer le Site.<\/li>\n\n\n\n<li>Pour conserver un registre de vos coordonn\u00e9es.<\/li>\n\n\n\n<li>\u00c0 des fins commerciales, telles que l\u2019analyse de donn\u00e9es et les audits.<\/li>\n\n\n\n<li>Pour la pr\u00e9vention de la fraude et la s\u00e9curit\u00e9 des syst\u00e8mes d\u2019information.<\/li>\n\n\n\n<li>Pour adapter, am\u00e9liorer et modifier les services, identifier les tendances d\u2019utilisation et mesurer l\u2019efficacit\u00e9 des campagnes promotionnelles.<\/li>\n<\/ul>\n\n\n\n<p>Ces op\u00e9rations sont essentielles \u00e0 votre satisfaction et \u00e0 l\u2019activit\u00e9 de V|R Partners. Elles sont effectu\u00e9es conform\u00e9ment \u00e0 la loi. Vos donn\u00e9es ne seront pas r\u00e9utilis\u00e9es \u00e0 des fins autres que celles initialement identifi\u00e9es.<\/p>\n\n\n\n<h2 class=\"wp-block-heading\">4. Bases L\u00e9gales<\/h2>\n\n\n\n<figure class=\"wp-block-table is-style-stripes\"><table><thead><tr><th>Finalit\u00e9<\/th><th>Base L\u00e9gale<\/th><th>Donn\u00e9es Collect\u00e9es<\/th><\/tr><\/thead><tbody><tr><td>R\u00e9pondre aux messages, demandes de support et requ\u00eates.<\/td><td>Consentement sp\u00e9cifique<\/td><td>Nom, t\u00e9l\u00e9phone, e-mail<\/td><\/tr><tr><td>Envoi de bulletins d\u2019information.<\/td><td>Consentement sp\u00e9cifique<\/td><td>E-mail<\/td><\/tr><tr><td>Fonctionnement et gestion du Site.<\/td><td>Consentement (cookies) ; int\u00e9r\u00eats l\u00e9gitimes<\/td><td>Cookies, adresse IP<\/td><\/tr><tr><td>Analyse de donn\u00e9es et audits.<\/td><td>Consentement (cookies) ; int\u00e9r\u00eats l\u00e9gitimes<\/td><td>Cookies, adresse IP<\/td><\/tr><tr><td>Pr\u00e9vention de la fraude et s\u00e9curit\u00e9.<\/td><td>Int\u00e9r\u00eats l\u00e9gitimes<\/td><td>Adresse IP<\/td><\/tr><tr><td>Am\u00e9lioration des services et analyse des campagnes.<\/td><td>Consentement (cookies) ; int\u00e9r\u00eats l\u00e9gitimes<\/td><td>Cookies, adresse IP<\/td><\/tr><\/tbody><\/table><\/figure>\n\n\n\n<h2 class=\"wp-block-heading\">5. M\u00e9thodes de Collecte<\/h2>\n\n\n\n<ul class=\"wp-block-list\">\n<li>Formulaires du Site<\/li>\n\n\n\n<li>Inscription \u00e0 la newsletter<\/li>\n\n\n\n<li>Interactions du navigateur<\/li>\n\n\n\n<li>Cookies<\/li>\n\n\n\n<li>Adresse IP<\/li>\n\n\n\n<li>Communications par e-mail<\/li>\n<\/ul>\n\n\n\n<p>V|R Partners traite vos donn\u00e9es de mani\u00e8re licite et ne vendra, ne louera ni ne partagera vos donn\u00e9es personnelles avec des tiers, sauf dans les cas d\u00e9crits dans cette Politique. Les services ne sont pas destin\u00e9s aux mineurs de moins de 18 ans.<\/p>\n\n\n\n<h2 class=\"wp-block-heading\">6. Cookies<\/h2>\n\n\n\n<p>Les cookies sont de petits fichiers stock\u00e9s par votre navigateur pour identifier votre appareil et enregistrer des pr\u00e9f\u00e9rences, sans contenir de donn\u00e9es personnelles.<\/p>\n\n\n\n<ul class=\"wp-block-list\">\n<li>Personnalisation et facilitation de la navigation<\/li>\n\n\n\n<li>R\u00e9solution de probl\u00e8mes et statistiques<\/li>\n\n\n\n<li>S\u00e9curit\u00e9 du syst\u00e8me<\/li>\n\n\n\n<li>Les cookies non essentiels n\u00e9cessitent votre consentement, r\u00e9vocable \u00e0 tout moment<\/li>\n<\/ul>\n\n\n\n<h2 class=\"wp-block-heading\">7. S\u00e9curit\u00e9 des Donn\u00e9es<\/h2>\n\n\n\n<p>Nous adoptons des mesures techniques et organisationnelles pour que seuls les personnels autoris\u00e9s acc\u00e8dent aux donn\u00e9es. Nous utilisons des centres de donn\u00e9es certifi\u00e9s et le chiffrement HTTPS.<\/p>\n\n\n\n<p>Les donn\u00e9es sont h\u00e9berg\u00e9es chez Hetzner, dans leur datacenter de Nuremberg (Gunzenhauser Str. 22\u201324, 90475 N\u00fcrnberg, Allemagne). Aucun syst\u00e8me n\u2019est totalement imp\u00e9n\u00e9trable.<\/p>\n\n\n\n<h2 class=\"wp-block-heading\">8. Droits des Personnes Concern\u00e9es<\/h2>\n\n\n\n<ul class=\"wp-block-list\">\n<li><strong>Acc\u00e8s<\/strong> : confirmer et consulter vos donn\u00e9es<\/li>\n\n\n\n<li><strong>Rectification<\/strong> : corriger des donn\u00e9es inexactes ou incompl\u00e8tes<\/li>\n\n\n\n<li><strong>Suppression<\/strong> : effacer les donn\u00e9es, le cas \u00e9ch\u00e9ant<\/li>\n\n\n\n<li><strong>Limitation<\/strong> : restreindre le traitement dans certains cas<\/li>\n\n\n\n<li><strong>Opposition<\/strong> : vous opposer au traitement<\/li>\n\n\n\n<li><strong>Portabilit\u00e9<\/strong> : recevoir vos donn\u00e9es dans un format structur\u00e9<\/li>\n<\/ul>\n\n\n\n<p>Pour exercer ces droits, contactez-nous \u00e0 <a href=\"mailto:info@portugalsolutions.com\">info@portugalsolutions.com<\/a>. Vous pouvez d\u00e9poser une r\u00e9clamation aupr\u00e8s de la CNPD sur <a href=\"https:\/\/www.cnpd.pt\">www.cnpd.pt<\/a>. La suppression de donn\u00e9es peut affecter la prestation de services.<\/p>\n\n\n\n<h2 class=\"wp-block-heading\">9. Communication aux Tiers<\/h2>\n\n\n\n<p>Nous faisons appel \u00e0 des tiers pour la maintenance, le support technique, le marketing, la facturation et le traitement des paiements, en veillant \u00e0 ce qu\u2019ils n\u2019acc\u00e8dent qu\u2019aux donn\u00e9es n\u00e9cessaires. Nous pouvons \u00e9galement divulguer des donn\u00e9es sur ordre judiciaire.<\/p>\n\n\n\n<h2 class=\"wp-block-heading\">10. Sites de Tiers<\/h2>\n\n\n\n<p>Ce Site peut contenir des liens vers des sites tiers (ex. : Facebook, Instagram, YouTube, WhatsApp, LinkedIn). Nous n\u2019assumons aucune responsabilit\u00e9 quant \u00e0 leurs pratiques en mati\u00e8re de confidentialit\u00e9.<\/p>\n\n\n\n<h2 class=\"wp-block-heading\">11. Transferts Internationaux<\/h2>\n\n\n\n<p>Pour les transferts en dehors de l\u2019UE, nous respectons les d\u00e9cisions d\u2019ad\u00e9quation et les garanties n\u00e9cessaires, sans transf\u00e9rer vers des juridictions sans protection ad\u00e9quate.<\/p>\n\n\n\n<h2 class=\"wp-block-heading\">12. Mineurs<\/h2>\n\n\n\n<p>Le Site n\u2019est pas destin\u00e9 aux mineurs de moins de 18 ans. Nous demandons aux mineurs de ne pas fournir de donn\u00e9es personnelles.<\/p>\n\n\n\n<h2 class=\"wp-block-heading\">13. Donn\u00e9es Sensibles<\/h2>\n\n\n\n<p>Veuillez ne pas envoyer de donn\u00e9es sensibles (origine raciale, opinions politiques, croyances religieuses, donn\u00e9es de sant\u00e9, orientation sexuelle, etc.). Ces donn\u00e9es seront imm\u00e9diatement supprim\u00e9es.<\/p>\n\n\n\n<h2 class=\"wp-block-heading\">14. Modifications de la Politique<\/h2>\n\n\n\n<p>Nous nous r\u00e9servons le droit de mettre \u00e0 jour cette Politique \u00e0 tout moment et d\u2019annoncer les modifications importantes.<\/p>\n\n\n\n<h2 class=\"wp-block-heading\">15. Coordonn\u00e9es de Contact<\/h2>\n\n\n\n<p>Pour toute question relative \u00e0 cette Politique, \u00e9crivez \u00e0 <a href=\"mailto:VR@vrpartners.pt\">VR@vrpartners.pt<\/a>.<\/p>\n\n\n\n<h2 class=\"wp-block-heading\">R\u00e9solution des Litiges<\/h2>\n\n\n\n<ul class=\"wp-block-list\">\n<li>Centre d\u2019Arbitrage de Conflits de Consommation de Lisbonne : <a href=\"http:\/\/www.centroarbitragemlisboa.pt\">centroarbitragemlisboa.pt<\/a><\/li>\n\n\n\n<li>Vale do Ave : <a href=\"http:\/\/www.triave.pt\">triave.pt<\/a><\/li>\n\n\n\n<li>CIAB (Tribunal Arbitral de Consommation) : <a href=\"http:\/\/www.ciab.pt\/pt\">ciab.pt\/pt<\/a><\/li>\n\n\n\n<li>CNIACC : <a href=\"https:\/\/www.cniacc.pt\/pt\">cniacc.pt\/pt<\/a><\/li>\n\n\n\n<li>Centre d\u2019Arbitrage de Co\u00efmbre : <a href=\"http:\/\/www.centrodearbitragemdecoimbra.com\">centrodearbitragemdecoimbra.com<\/a><\/li>\n\n\n\n<li>Centre d\u2019Arbitrage d\u2019Algarve : <a href=\"http:\/\/www.consumoalgarve.pt\">consumoalgarve.pt<\/a><\/li>\n\n\n\n<li>Centre d\u2019Information et d\u2019Arbitrage de Porto : <a href=\"http:\/\/www.cicap.pt\">cicap.pt<\/a><\/li>\n\n\n\n<li>Centre d\u2019Arbitrage de Mad\u00e8re : <a href=\"https:\/\/www.madeira.gov.pt\/cacc\">madeira.gov.pt\/cacc<\/a><\/li>\n<\/ul>\n\n\n\n<h1 class=\"wp-block-heading\">Politique de Cookies<\/h1>\n\n\n\n<h3 class=\"wp-block-heading\">1. Que sont les cookies ?<\/h3>\n\n\n\n<p>Les cookies sont de petits fichiers stock\u00e9s par le navigateur pour conserver les pr\u00e9f\u00e9rences, sans contenir de donn\u00e9es personnelles.<\/p>\n\n\n\n<h3 class=\"wp-block-heading\">2. Objectif des Cookies<\/h3>\n\n\n\n<p>Les cookies aident \u00e0 mesurer l\u2019utilisation du Site et \u00e0 offrir une navigation plus rapide et efficace.<\/p>\n\n\n\n<h3 class=\"wp-block-heading\">3. Types de Cookies Utilis\u00e9s<\/h3>\n\n\n\n<ul class=\"wp-block-list\">\n<li><strong>Cookies Persistants<\/strong> : restent dans le navigateur pour les visites ult\u00e9rieures, personnalisant l\u2019exp\u00e9rience.<\/li>\n\n\n\n<li><strong>Cookies de Session<\/strong> : temporaires, supprim\u00e9s \u00e0 la fermeture du navigateur, utilis\u00e9s pour l\u2019analyse du trafic.<\/li>\n<\/ul>\n\n\n\n<h3 class=\"wp-block-heading\">4. Dur\u00e9e des Cookies<\/h3>\n\n\n\n<ul class=\"wp-block-list\">\n<li>Cookies de Session : supprim\u00e9s \u00e0 la fermeture du navigateur.<\/li>\n\n\n\n<li>Cookies Persistants : restent jusqu\u2019\u00e0 expiration ou suppression.<\/li>\n<\/ul>\n\n\n\n<h3 class=\"wp-block-heading\">5. Stockage et Traitement<\/h3>\n\n\n\n<p>Les donn\u00e9es peuvent \u00eatre transf\u00e9r\u00e9es et stock\u00e9es en dehors du pays d\u2019origine, trait\u00e9es en interne ou par des tiers de V|R Partners, avec des garanties appropri\u00e9es (d\u00e9cisions d\u2019ad\u00e9quation ou clauses contractuelles types).<\/p>\n\n\n\n<h3 class=\"wp-block-heading\">6. Modification des Pr\u00e9f\u00e9rences de Cookies<\/h3>\n","protected":false},"excerpt":{"rendered":"<p>V|R Partners, dont le si\u00e8ge social est situ\u00e9 Rua Virg\u00edlio Correia, 4 \u2013 7\u1d49 gauche, 1600-223 Lisbonne (NIPC 513234420), est&#8230;<\/p>\n","protected":false},"author":1,"featured_media":0,"parent":0,"menu_order":0,"comment_status":"closed","ping_status":"closed","template":"","meta":{"_acf_changed":false,"_seopress_robots_primary_cat":"","_seopress_titles_title":"","_seopress_titles_desc":"","_seopress_robots_index":"","_seopress_analysis_target_kw":"","footnotes":""},"class_list":["post-1102","page","type-page","status-publish","hentry"],"acf":[],"_links":{"self":[{"href":"https:\/\/vrpartners.pt\/fr\/wp-json\/wp\/v2\/pages\/1102","targetHints":{"allow":["GET"]}}],"collection":[{"href":"https:\/\/vrpartners.pt\/fr\/wp-json\/wp\/v2\/pages"}],"about":[{"href":"https:\/\/vrpartners.pt\/fr\/wp-json\/wp\/v2\/types\/page"}],"author":[{"embeddable":true,"href":"https:\/\/vrpartners.pt\/fr\/wp-json\/wp\/v2\/users\/1"}],"replies":[{"embeddable":true,"href":"https:\/\/vrpartners.pt\/fr\/wp-json\/wp\/v2\/comments?post=1102"}],"version-history":[{"count":4,"href":"https:\/\/vrpartners.pt\/fr\/wp-json\/wp\/v2\/pages\/1102\/revisions"}],"predecessor-version":[{"id":1110,"href":"https:\/\/vrpartners.pt\/fr\/wp-json\/wp\/v2\/pages\/1102\/revisions\/1110"}],"wp:attachment":[{"href":"https:\/\/vrpartners.pt\/fr\/wp-json\/wp\/v2\/media?parent=1102"}],"curies":[{"name":"wp","href":"https:\/\/api.w.org\/{rel}","templated":true}]}}