{"id":1055,"date":"2025-04-28T12:12:38","date_gmt":"2025-04-28T11:12:38","guid":{"rendered":"https:\/\/vrpartners.pt\/buyers-agent\/"},"modified":"2026-04-28T19:45:59","modified_gmt":"2026-04-28T18:45:59","slug":"buyers-agent","status":"publish","type":"page","link":"https:\/\/vrpartners.pt\/pt-pt\/buyers-agent\/","title":{"rendered":"Buyer\u2019s Agent"},"content":{"rendered":"","protected":false},"excerpt":{"rendered":"","protected":false},"author":1,"featured_media":941,"parent":0,"menu_order":0,"comment_status":"closed","ping_status":"closed","template":"","meta":{"_acf_changed":false,"_seopress_robots_primary_cat":"","_seopress_titles_title":"Buyer\u2019s Agent em Portugal | Im\u00f3veis de Luxo V|R Partners","_seopress_titles_desc":"Agente exclusivo do comprador em Portugal. Im\u00f3veis de luxo off-market em Lisboa e Cascais, negocia\u00e7\u00e3o e acompanhamento total. Agende sua consulta gratuita.","_seopress_robots_index":"","_seopress_analysis_target_kw":"","footnotes":""},"class_list":["post-1055","page","type-page","status-publish","has-post-thumbnail","hentry"],"acf":[],"_links":{"self":[{"href":"https:\/\/vrpartners.pt\/pt-pt\/wp-json\/wp\/v2\/pages\/1055","targetHints":{"allow":["GET"]}}],"collection":[{"href":"https:\/\/vrpartners.pt\/pt-pt\/wp-json\/wp\/v2\/pages"}],"about":[{"href":"https:\/\/vrpartners.pt\/pt-pt\/wp-json\/wp\/v2\/types\/page"}],"author":[{"embeddable":true,"href":"https:\/\/vrpartners.pt\/pt-pt\/wp-json\/wp\/v2\/users\/1"}],"replies":[{"embeddable":true,"href":"https:\/\/vrpartners.pt\/pt-pt\/wp-json\/wp\/v2\/comments?post=1055"}],"version-history":[{"count":6,"href":"https:\/\/vrpartners.pt\/pt-pt\/wp-json\/wp\/v2\/pages\/1055\/revisions"}],"predecessor-version":[{"id":34241,"href":"https:\/\/vrpartners.pt\/pt-pt\/wp-json\/wp\/v2\/pages\/1055\/revisions\/34241"}],"wp:featuredmedia":[{"embeddable":true,"href":"https:\/\/vrpartners.pt\/pt-pt\/wp-json\/wp\/v2\/media\/941"}],"wp:attachment":[{"href":"https:\/\/vrpartners.pt\/pt-pt\/wp-json\/wp\/v2\/media?parent=1055"}],"curies":[{"name":"wp","href":"https:\/\/api.w.org\/{rel}","templated":true}]}}