{"id":1057,"date":"2025-04-28T12:12:56","date_gmt":"2025-04-28T11:12:56","guid":{"rendered":"https:\/\/vrpartners.pt\/projetos-renovacao\/"},"modified":"2026-04-28T19:57:02","modified_gmt":"2026-04-28T18:57:02","slug":"projetos-renovacao","status":"publish","type":"page","link":"https:\/\/vrpartners.pt\/pt-pt\/projetos-renovacao\/","title":{"rendered":"Projetos de Renova\u00e7\u00e3o"},"content":{"rendered":"","protected":false},"excerpt":{"rendered":"","protected":false},"author":1,"featured_media":925,"parent":0,"menu_order":0,"comment_status":"closed","ping_status":"closed","template":"","meta":{"_acf_changed":false,"_seopress_robots_primary_cat":"","_seopress_titles_title":"Renova\u00e7\u00e3o de Im\u00f3veis de Luxo em Lisboa | V|R Partners","_seopress_titles_desc":"Gest\u00e3o de renova\u00e7\u00e3o e reabilita\u00e7\u00e3o de im\u00f3veis em Lisboa e Cascais. Arquitetura, obras e design de interiores num \u00fanico lugar. Da conce\u00e7\u00e3o ao acabamento.","_seopress_robots_index":"","_seopress_analysis_target_kw":"","footnotes":""},"class_list":["post-1057","page","type-page","status-publish","has-post-thumbnail","hentry"],"acf":[],"_links":{"self":[{"href":"https:\/\/vrpartners.pt\/pt-pt\/wp-json\/wp\/v2\/pages\/1057","targetHints":{"allow":["GET"]}}],"collection":[{"href":"https:\/\/vrpartners.pt\/pt-pt\/wp-json\/wp\/v2\/pages"}],"about":[{"href":"https:\/\/vrpartners.pt\/pt-pt\/wp-json\/wp\/v2\/types\/page"}],"author":[{"embeddable":true,"href":"https:\/\/vrpartners.pt\/pt-pt\/wp-json\/wp\/v2\/users\/1"}],"replies":[{"embeddable":true,"href":"https:\/\/vrpartners.pt\/pt-pt\/wp-json\/wp\/v2\/comments?post=1057"}],"version-history":[{"count":5,"href":"https:\/\/vrpartners.pt\/pt-pt\/wp-json\/wp\/v2\/pages\/1057\/revisions"}],"predecessor-version":[{"id":26061,"href":"https:\/\/vrpartners.pt\/pt-pt\/wp-json\/wp\/v2\/pages\/1057\/revisions\/26061"}],"wp:featuredmedia":[{"embeddable":true,"href":"https:\/\/vrpartners.pt\/pt-pt\/wp-json\/wp\/v2\/media\/925"}],"wp:attachment":[{"href":"https:\/\/vrpartners.pt\/pt-pt\/wp-json\/wp\/v2\/media?parent=1057"}],"curies":[{"name":"wp","href":"https:\/\/api.w.org\/{rel}","templated":true}]}}