{"id":1065,"date":"2025-04-28T12:12:23","date_gmt":"2025-04-28T11:12:23","guid":{"rendered":"https:\/\/vrpartners.pt\/sobre\/"},"modified":"2026-03-19T18:29:43","modified_gmt":"2026-03-19T18:29:43","slug":"sobre","status":"publish","type":"page","link":"https:\/\/vrpartners.pt\/pt-pt\/sobre\/","title":{"rendered":"Sobre"},"content":{"rendered":"","protected":false},"excerpt":{"rendered":"","protected":false},"author":1,"featured_media":921,"parent":0,"menu_order":0,"comment_status":"closed","ping_status":"closed","template":"","meta":{"_acf_changed":false,"_seopress_robots_primary_cat":"","_seopress_titles_title":"Sobre a V|R Partners: Imobili\u00e1ria de Luxo em Portugal","_seopress_titles_desc":"Conhe\u00e7a a hist\u00f3ria da V|R Partners e a nossa equipa de especialistas dedicados a encontrar o melhor investimento imobili\u00e1rio para si em Portugal.","_seopress_robots_index":"","_seopress_analysis_target_kw":"","footnotes":""},"class_list":["post-1065","page","type-page","status-publish","has-post-thumbnail","hentry"],"acf":[],"_links":{"self":[{"href":"https:\/\/vrpartners.pt\/pt-pt\/wp-json\/wp\/v2\/pages\/1065","targetHints":{"allow":["GET"]}}],"collection":[{"href":"https:\/\/vrpartners.pt\/pt-pt\/wp-json\/wp\/v2\/pages"}],"about":[{"href":"https:\/\/vrpartners.pt\/pt-pt\/wp-json\/wp\/v2\/types\/page"}],"author":[{"embeddable":true,"href":"https:\/\/vrpartners.pt\/pt-pt\/wp-json\/wp\/v2\/users\/1"}],"replies":[{"embeddable":true,"href":"https:\/\/vrpartners.pt\/pt-pt\/wp-json\/wp\/v2\/comments?post=1065"}],"version-history":[{"count":7,"href":"https:\/\/vrpartners.pt\/pt-pt\/wp-json\/wp\/v2\/pages\/1065\/revisions"}],"predecessor-version":[{"id":25256,"href":"https:\/\/vrpartners.pt\/pt-pt\/wp-json\/wp\/v2\/pages\/1065\/revisions\/25256"}],"wp:featuredmedia":[{"embeddable":true,"href":"https:\/\/vrpartners.pt\/pt-pt\/wp-json\/wp\/v2\/media\/921"}],"wp:attachment":[{"href":"https:\/\/vrpartners.pt\/pt-pt\/wp-json\/wp\/v2\/media?parent=1065"}],"curies":[{"name":"wp","href":"https:\/\/api.w.org\/{rel}","templated":true}]}}